{"id":84,"date":"2024-07-04T16:42:02","date_gmt":"2024-07-04T14:42:02","guid":{"rendered":"https:\/\/lab.pharmavitale.net\/wp-cepi\/?page_id=84"},"modified":"2024-07-05T15:13:35","modified_gmt":"2024-07-05T13:13:35","slug":"espace-adherent","status":"publish","type":"page","link":"https:\/\/lab.pharmavitale.net\/wp-cepi\/espace-adherent\/","title":{"rendered":"Espace adh\u00e9rent"},"content":{"rendered":"\n<div class=\"wp-block-buttons is-content-justification-center is-layout-flex wp-container-core-buttons-is-layout-a89b3969 wp-block-buttons-is-layout-flex\">\n<div class=\"wp-block-button\"><a class=\"wp-block-button__link wp-element-button\" href=\"https:\/\/www.mafid-pharmag8.fr\/\" target=\"_blank\" rel=\"noreferrer noopener\">Acc\u00e9der \u00e0 votre espace carte de fid\u00e9lit\u00e9<\/a><\/div>\n<\/div>\n\n\n\n<div class=\"wp-block-buttons is-content-justification-center is-layout-flex wp-container-core-buttons-is-layout-a89b3969 wp-block-buttons-is-layout-flex\">\n<div class=\"wp-block-button is-style-outline is-style-outline--1\"><a class=\"wp-block-button__link wp-element-button\" href=\"https:\/\/g8.sagittapharma.com\/\" target=\"_blank\" rel=\"noreferrer noopener\"><img decoding=\"async\" style=\"max-width:300px;\" src=\"https:\/\/www.lacentralepharma.com\/uploads\/groupings\/logo\/logo-lacentrale-cmjn-6601a2a7303a3935074230.png\"><\/a><\/div>\n<\/div>\n","protected":false},"excerpt":{"rendered":"","protected":false},"author":1,"featured_media":0,"parent":0,"menu_order":0,"comment_status":"closed","ping_status":"closed","template":"","meta":{"footnotes":""},"class_list":["post-84","page","type-page","status-publish","hentry"],"_links":{"self":[{"href":"https:\/\/lab.pharmavitale.net\/wp-cepi\/wp-json\/wp\/v2\/pages\/84","targetHints":{"allow":["GET"]}}],"collection":[{"href":"https:\/\/lab.pharmavitale.net\/wp-cepi\/wp-json\/wp\/v2\/pages"}],"about":[{"href":"https:\/\/lab.pharmavitale.net\/wp-cepi\/wp-json\/wp\/v2\/types\/page"}],"author":[{"embeddable":true,"href":"https:\/\/lab.pharmavitale.net\/wp-cepi\/wp-json\/wp\/v2\/users\/1"}],"replies":[{"embeddable":true,"href":"https:\/\/lab.pharmavitale.net\/wp-cepi\/wp-json\/wp\/v2\/comments?post=84"}],"version-history":[{"count":9,"href":"https:\/\/lab.pharmavitale.net\/wp-cepi\/wp-json\/wp\/v2\/pages\/84\/revisions"}],"predecessor-version":[{"id":131,"href":"https:\/\/lab.pharmavitale.net\/wp-cepi\/wp-json\/wp\/v2\/pages\/84\/revisions\/131"}],"wp:attachment":[{"href":"https:\/\/lab.pharmavitale.net\/wp-cepi\/wp-json\/wp\/v2\/media?parent=84"}],"curies":[{"name":"wp","href":"https:\/\/api.w.org\/{rel}","templated":true}]}}