{"id":79,"date":"2024-07-04T16:39:52","date_gmt":"2024-07-04T14:39:52","guid":{"rendered":"https:\/\/lab.pharmavitale.net\/wp-cepi\/?page_id=79"},"modified":"2025-07-18T18:34:01","modified_gmt":"2025-07-18T16:34:01","slug":"le-groupement-pharma-g8-en-detail","status":"publish","type":"page","link":"https:\/\/lab.pharmavitale.net\/wp-cepi\/le-groupement-pharma-g8-en-detail\/","title":{"rendered":"Le groupement PharmaG8"},"content":{"rendered":"\n<div class=\"wp-block-group alignwide is-layout-constrained wp-block-group-is-layout-constrained\">\n<h2 class=\"wp-block-heading alignwide\"><mark style=\"background-color:rgba(0, 0, 0, 0);color:#95d500\" class=\"has-inline-color\">Nos Valeurs<\/mark><\/h2>\n\n\n\n<div class=\"wp-block-columns alignwide is-layout-flex wp-container-core-columns-is-layout-28f84493 wp-block-columns-is-layout-flex\">\n<div class=\"wp-block-column is-layout-flow wp-block-column-is-layout-flow\">\n<figure class=\"wp-block-image size-full is-resized\"><img loading=\"lazy\" decoding=\"async\" width=\"301\" height=\"303\" src=\"https:\/\/lab.pharmavitale.net\/wp-cepi\/wp-content\/uploads\/2025\/07\/convivialite.png\" alt=\"\" class=\"wp-image-277\" style=\"width:111px;height:auto\" srcset=\"https:\/\/lab.pharmavitale.net\/wp-cepi\/wp-content\/uploads\/2025\/07\/convivialite.png 301w, https:\/\/lab.pharmavitale.net\/wp-cepi\/wp-content\/uploads\/2025\/07\/convivialite-298x300.png 298w, https:\/\/lab.pharmavitale.net\/wp-cepi\/wp-content\/uploads\/2025\/07\/convivialite-150x150.png 150w\" sizes=\"auto, (max-width: 301px) 100vw, 301px\" \/><\/figure>\n\n\n\n<h4 class=\"wp-block-heading\">Convivialit\u00e9<\/h4>\n\n\n\n<p class=\"has-text-align-justify has-text-align-justify\">Les membres du PharmaG8, bien que r\u00e9partis dans toute la France, sont majoritairement situ\u00e9s dans les r\u00e9gions Haut de France et Champagne-Ardenne. Chaque ann\u00e9e, ils se r\u00e9unissent lors d&rsquo;une assembl\u00e9e g\u00e9n\u00e9rale, un moment cl\u00e9 pour discuter des \u00e9volutions du groupement et des accords commerciaux en cours ou \u00e0 venir. Ces assembl\u00e9es permettent aux pharmaciens de partager leurs exp\u00e9riences, de d\u00e9battre des strat\u00e9gies \u00e0 adopter, et de renforcer la coh\u00e9sion du r\u00e9seau. Ces rencontres annuelles sont essentielles pour assurer la p\u00e9rennit\u00e9 du groupement et maintenir une dynamique de croissance commune. En plus de l&rsquo;assembl\u00e9e g\u00e9n\u00e9rale annuelle, Pharma G8 organise r\u00e9guli\u00e8rement des visioconf\u00e9rences afin de maintenir un lien r\u00e9gulier entre les membres du groupement. Ces r\u00e9unions virtuelles permettent d&rsquo;aborder des sujets d&rsquo;actualit\u00e9, de suivre les projets en cours et d&rsquo;assurer une communication continue entre les pharmaciens. C&rsquo;est un moyen efficace de rester inform\u00e9 des \u00e9volutions du secteur et des nouvelles strat\u00e9gies commerciales. Les membres du r\u00e9seau restent \u00e9galement disponibles tout au long de l&rsquo;ann\u00e9e pour r\u00e9pondre aux questions des adh\u00e9rents. Cette disponibilit\u00e9 favorise l&rsquo;entraide et la r\u00e9activit\u00e9 au sein du groupement, assurant ainsi que chaque pharmacie b\u00e9n\u00e9ficie du soutien n\u00e9cessaire en cas de besoin.<\/p>\n<\/div>\n\n\n\n<div class=\"wp-block-column is-vertically-aligned-top is-layout-flow wp-block-column-is-layout-flow\">\n<figure class=\"wp-block-image size-full is-resized\"><img loading=\"lazy\" decoding=\"async\" width=\"246\" height=\"247\" src=\"http:\/\/lab.pharmavitale.net\/wp-cepi\/wp-content\/uploads\/2024\/03\/ico-convivialite-2.png\" alt=\"\" class=\"wp-image-165\" style=\"width:111px;height:auto\" srcset=\"https:\/\/lab.pharmavitale.net\/wp-cepi\/wp-content\/uploads\/2024\/03\/ico-convivialite-2.png 246w, https:\/\/lab.pharmavitale.net\/wp-cepi\/wp-content\/uploads\/2024\/03\/ico-convivialite-2-150x150.png 150w\" sizes=\"auto, (max-width: 246px) 100vw, 246px\" \/><\/figure>\n\n\n\n<h4 class=\"wp-block-heading\">Equit\u00e9<\/h4>\n\n\n\n<p class=\"has-text-align-justify has-text-align-justify\">Le PharmaG8 est un groupement inclusif qui place l&rsquo;\u00e9quit\u00e9 au c\u0153ur de ses actions. En n\u00e9gociant collectivement avec les laboratoires pharmaceutiques, il assure \u00e0 tous ses membres, quelle que soit leur taille, des conditions d&rsquo;achat pr\u00e9f\u00e9rentielles et un acc\u00e8s privil\u00e9gi\u00e9 aux nouveaux produits. Gr\u00e2ce \u00e0 une politique d&rsquo;achats group\u00e9s et \u00e0 des accords-cadres n\u00e9goci\u00e9s, notre groupement optimise les co\u00fbts et simplifie les proc\u00e9dures administratives pour ses membres. Cette approche favorise la coh\u00e9sion du groupe et renforce son pouvoir de n\u00e9gociation face aux industriels, permettant ainsi aux pharmaciens de se concentrer sur leur c\u0153ur de m\u00e9tier : l&rsquo;accompagnement des patients.<\/p>\n<\/div>\n\n\n\n<div class=\"wp-block-column is-layout-flow wp-block-column-is-layout-flow\">\n<figure class=\"wp-block-image size-full is-resized\"><img loading=\"lazy\" decoding=\"async\" width=\"980\" height=\"962\" src=\"http:\/\/lab.pharmavitale.net\/wp-cepi\/wp-content\/uploads\/2024\/03\/ico-partage-1.png\" alt=\"\" class=\"wp-image-227\" style=\"width:116px;height:auto\" srcset=\"https:\/\/lab.pharmavitale.net\/wp-cepi\/wp-content\/uploads\/2024\/03\/ico-partage-1.png 980w, https:\/\/lab.pharmavitale.net\/wp-cepi\/wp-content\/uploads\/2024\/03\/ico-partage-1-300x294.png 300w, https:\/\/lab.pharmavitale.net\/wp-cepi\/wp-content\/uploads\/2024\/03\/ico-partage-1-768x754.png 768w\" sizes=\"auto, (max-width: 980px) 100vw, 980px\" \/><\/figure>\n\n\n\n<h4 class=\"wp-block-heading\">Economique\/partage<\/h4>\n\n\n\n<p class=\"has-text-align-justify has-text-align-justify\">Le partage est une valeur essentielle au sein du PharmaG8, o\u00f9 chaque pharmacie, peu importe sa taille, trouve sa place et b\u00e9n\u00e9ficie d\u2019un esprit de collaboration et de soutien mutuel. Nous croyons que la richesse de notre groupement repose sur la diversit\u00e9 de nos membres et sur la volont\u00e9 de partager les m\u00eames valeurs de professionnalisme, de proximit\u00e9 et de solidarit\u00e9. Chacune de nos pharmacies partage ses astuces, ses bons plans ainsi que ses meilleures pratiques, renfor\u00e7ant ainsi l\u2019entraide au quotidien. Gr\u00e2ce \u00e0 notre assembl\u00e9e g\u00e9n\u00e9rale annuelle, des visioconf\u00e9rences, des formations collectives et des \u00e9changes d\u2019id\u00e9es, nous cultivons une dynamique d\u2019entraide et d\u2019inclusion, permettant \u00e0 chaque adh\u00e9rent de se sentir accompagn\u00e9 et valoris\u00e9. Au sein du PharmaG8, le partage est plus qu\u2019un principe : il est le socle de notre force collective et contribue au bien-\u00eatre et \u00e0 la r\u00e9ussite de tous.<\/p>\n<\/div>\n<\/div>\n<\/div>\n\n\n\n<div class=\"wp-block-group alignwide is-content-justification-center is-layout-constrained wp-block-group-is-layout-constrained\">\n<h2 class=\"wp-block-heading alignwide\"><mark style=\"background-color:rgba(0, 0, 0, 0);color:#95d500\" class=\"has-inline-color\">Notre histoire<\/mark><\/h2>\n\n\n\n<div class=\"wp-block-columns alignwide is-layout-flex wp-container-core-columns-is-layout-28f84493 wp-block-columns-is-layout-flex\">\n<div class=\"wp-block-column is-layout-flow wp-block-column-is-layout-flow\">\n<p class=\"has-text-align-justify has-text-align-justify\"><mark style=\"background-color:rgba(0, 0, 0, 0)\" class=\"has-inline-color has-ti-bg-inv-color\">PharmaG8 est un groupement fran\u00e7ais de pharmaciens ind\u00e9pendants. Il a \u00e9t\u00e9 cr\u00e9\u00e9 en 2006 gr\u00e2ce \u00e0 l&rsquo;initiative de huit pharmaciens qui se sont rencontr\u00e9s lors de s\u00e9minaires. \u00c0 la suite de cette rencontre, ils ont d\u00e9cid\u00e9 de fonder, une structure qui leur permettrait de mutualiser leurs ressources et de renforcer leur pouvoir d&rsquo;achat. Le GIE a offert aux membres la possibilit\u00e9 de travailler ensemble pour obtenir de meilleures conditions commerciales aupr\u00e8s des laboratoires, tout en conservant l&rsquo;ind\u00e9pendance de chaque pharmacie au sein du r\u00e9seau. Gr\u00e2ce \u00e0 cette collaboration, le groupement a pu se d\u00e9velopper, attirant d&rsquo;autres pharmacies souhaitant rejoindre ce mod\u00e8le coop\u00e9ratif. A l\u2019heure actuelle, il compte 33 membres.<\/mark><\/p>\n<\/div>\n<\/div>\n<\/div>\n\n\n\n<div class=\"wp-block-group alignwide is-layout-constrained wp-block-group-is-layout-constrained\">\n<h2 class=\"wp-block-heading alignwide\"><mark style=\"background-color:rgba(0, 0, 0, 0);color:#95d500\" class=\"has-inline-color\">Retrouvez tous nos adh\u00e9rents<\/mark><\/h2>\n\n\n\n<div class=\"wp-block-columns alignwide is-layout-flex wp-container-core-columns-is-layout-28f84493 wp-block-columns-is-layout-flex\">\n<div class=\"wp-block-column is-layout-flow wp-block-column-is-layout-flow\">\n<iframe loading=\"lazy\" src=\"https:\/\/www.google.com\/maps\/d\/embed?mid=1Jghrq0c7flQgc9OLFmGmt_a84if4MvQ&amp;ehbc=2E312F\" width=\"100%\" height=\"480\"><\/iframe>\n<\/div>\n<\/div>\n<\/div>\n\n\n\n<p><\/p>\n","protected":false},"excerpt":{"rendered":"<p>Nos Valeurs Convivialit\u00e9 Les membres du PharmaG8, bien que r\u00e9partis dans toute la France, sont majoritairement situ\u00e9s dans les r\u00e9gions Haut de France et Champagne-Ardenne. Chaque ann\u00e9e, ils se r\u00e9unissent lors d&rsquo;une assembl\u00e9e g\u00e9n\u00e9rale, un moment cl\u00e9 pour discuter des \u00e9volutions du groupement et des accords commerciaux en cours ou \u00e0 venir. Ces assembl\u00e9es permettent [&hellip;]<\/p>\n","protected":false},"author":1,"featured_media":0,"parent":0,"menu_order":0,"comment_status":"closed","ping_status":"closed","template":"","meta":{"footnotes":""},"class_list":["post-79","page","type-page","status-publish","hentry"],"_links":{"self":[{"href":"https:\/\/lab.pharmavitale.net\/wp-cepi\/wp-json\/wp\/v2\/pages\/79","targetHints":{"allow":["GET"]}}],"collection":[{"href":"https:\/\/lab.pharmavitale.net\/wp-cepi\/wp-json\/wp\/v2\/pages"}],"about":[{"href":"https:\/\/lab.pharmavitale.net\/wp-cepi\/wp-json\/wp\/v2\/types\/page"}],"author":[{"embeddable":true,"href":"https:\/\/lab.pharmavitale.net\/wp-cepi\/wp-json\/wp\/v2\/users\/1"}],"replies":[{"embeddable":true,"href":"https:\/\/lab.pharmavitale.net\/wp-cepi\/wp-json\/wp\/v2\/comments?post=79"}],"version-history":[{"count":36,"href":"https:\/\/lab.pharmavitale.net\/wp-cepi\/wp-json\/wp\/v2\/pages\/79\/revisions"}],"predecessor-version":[{"id":278,"href":"https:\/\/lab.pharmavitale.net\/wp-cepi\/wp-json\/wp\/v2\/pages\/79\/revisions\/278"}],"wp:attachment":[{"href":"https:\/\/lab.pharmavitale.net\/wp-cepi\/wp-json\/wp\/v2\/media?parent=79"}],"curies":[{"name":"wp","href":"https:\/\/api.w.org\/{rel}","templated":true}]}}